{"id":125,"date":"2021-08-07T04:39:04","date_gmt":"2021-08-07T02:39:04","guid":{"rendered":"http:\/\/jarda128.com\/wordpress\/?page_id=125"},"modified":"2021-08-07T13:58:14","modified_gmt":"2021-08-07T11:58:14","slug":"download","status":"publish","type":"page","link":"http:\/\/jarda128.com\/wordpress\/index.php\/download\/","title":{"rendered":"Download"},"content":{"rendered":"\n<p><\/p>\n\n\n\n<div class=\"wp-block-columns is-layout-flex wp-container-core-columns-is-layout-9d6595d7 wp-block-columns-is-layout-flex\">\n<div class=\"wp-block-column is-layout-flow wp-block-column-is-layout-flow\" style=\"flex-basis:100%\">\n<figure class=\"wp-block-table\"><table class=\"has-fixed-layout\"><tbody><tr><td class=\"has-text-align-center\" data-align=\"center\"><img loading=\"lazy\" decoding=\"async\" width=\"320\" height=\"240\" class=\"wp-image-174\" style=\"width: 320px;\" src=\"http:\/\/jarda128.com\/wordpress\/wp-content\/uploads\/2021\/08\/tetris-1.gif\" alt=\"\"><\/td><td class=\"has-text-align-center\" data-align=\"center\"><br><strong><a href=\"http:\/\/jarda128.com\/tetris.zip\" data-type=\"URL\" data-id=\"http:\/\/jarda128.com\/tetris.zip\">TETRIS<\/a><\/strong><br><br>\u0158\u00edk\u00e1 se \u017ee ka\u017ed\u00fd program\u00e1tor m\u00e1 svuj tetris, tak tady je ten m\u016fj, provedeni je slab\u0161i, grafika jenom minim\u00e1ln\u00ed, jen takov\u00e1 kopie klasick\u00fdho tetrisu podle digihry,prost\u011b sem se jen tro\u0161ku nudil o pr\u00e1zdnin\u00e1ch \ud83d\ude42<br><br><a href=\"http:\/\/jarda128.com\/tetsrc.zip\">Zdrojov\u00fd k\u00f3d (Borland C++ a Turbo assembler)<\/a><\/td><\/tr><tr><td class=\"has-text-align-center\" data-align=\"center\"><img loading=\"lazy\" decoding=\"async\" width=\"320\" height=\"240\" class=\"wp-image-193\" style=\"width: 320px;\" src=\"http:\/\/jarda128.com\/wordpress\/wp-content\/uploads\/2021\/08\/dxtetris.gif\" alt=\"\"><\/td><td class=\"has-text-align-center\" data-align=\"center\"><a href=\"http:\/\/jarda128.com\/dxtetris.zip\">Direct X tetris<\/a><br><br>Kdy\u017e sem si chtel tro\u0161icku vyzkou\u0161et programovani pod DirectX .Tak sem byl lin\u00fd neco vym\u00fd\u0161let ,tak jsem&nbsp; okopiroval sv\u016fj star\u00fd program pro dos \ud83d\ude42 Op\u011bt dalsi nudnej tetris, tentokrat navic s par zvukama a hudbou stazenou z netu \ud83d\ude42<br><br><a href=\"http:\/\/jarda128.com\/dxtetsrc.zip\">Zdrojov\u00fd k\u00f3d (Visual C++)<\/a><\/td><\/tr><tr><td class=\"has-text-align-center\" data-align=\"center\"><img loading=\"lazy\" decoding=\"async\" width=\"320\" height=\"240\" class=\"wp-image-201\" style=\"width: 320px;\" src=\"http:\/\/jarda128.com\/wordpress\/wp-content\/uploads\/2021\/08\/gamelist.gif\" alt=\"\"><\/td><td class=\"has-text-align-center\" data-align=\"center\"><a href=\"http:\/\/jarda128.com\/gamelist.zip\">Seznam her<\/a><br><br>Pokud si vym\u011bnujete dohran\u00e9 hry s kamar\u00e1dy mohl by v\u00e1s zajimat tento program s kter\u00fdm si m\u016f\u017eete vytvo\u0159it seznam sv\u00fdch her spolu se zakladnimi informacemi o nich a ten si pak vytisknout nebo ulozit do textov\u00e9ho nebo html souboru. M\u016f\u017ee v\u00e1m to trosku usnadnit praci protoze minim\u00e1ln\u011b vam to se\u0159adi hry podle abecedy.<br><br><a href=\"http:\/\/jarda128.com\/gmlsrc.zip\">Zdrojov\u00fd k\u00f3d (Visual C++)<\/a><\/td><\/tr><tr><td class=\"has-text-align-center\" data-align=\"center\"><img loading=\"lazy\" decoding=\"async\" width=\"320\" height=\"240\" class=\"wp-image-207\" style=\"width: 320px;\" src=\"http:\/\/jarda128.com\/wordpress\/wp-content\/uploads\/2021\/08\/slovnik.gif\" alt=\"\"><\/td><td class=\"has-text-align-center\" data-align=\"center\"><a href=\"http:\/\/jarda128.com\/slovnik.zip\">Slovn\u00edk<\/a><br><br>Program se kterym si muzete vytririt vlastni slovni(k)cek,ze ktereho se pak muzete ucit slovicka. UI inspirovano existujicimi slovniky Lingea Lexicon a Prodict,urceno vsak k vytvoreni vlastniho maleho plne editovatelneho slovnicku,pricemz jazyk neni specifikovan. <a href=\"http:\/\/source.jarda128.cz\/slovsrc.zip\"><\/a><br><br><a href=\"http:\/\/jarda128.com\/slovsrc.zip\">Zdrojovy kod (Visual C++)<\/a><\/td><\/tr><tr><td class=\"has-text-align-center\" data-align=\"center\"><img loading=\"lazy\" decoding=\"async\" width=\"320\" height=\"240\" class=\"wp-image-214\" style=\"width: 320px;\" src=\"http:\/\/jarda128.com\/wordpress\/wp-content\/uploads\/2021\/08\/piskvorky.gif\" alt=\"\"><\/td><td class=\"has-text-align-center\" data-align=\"center\"><a href=\"http:\/\/jarda128.com\/piskvorky.zip\">Pi\u0161kvorky<\/a><br><br>Moje pi\u0161kvorky.Mo\u017enost hry jednoho hr\u00e1ce proti jednomu slab\u00e9mu vestav\u011bn\u00e9mu algoritmu nebo asi 20 externich algoritmu (pro n\u011b musite mit os schopn\u00fd spou\u0161tet 16 bitov\u00e9 dos programy).Taky si m\u016f\u017eete zahr\u00e1t proti jin\u00fdm lidem po internetu pomoci tcp\/ip. <a href=\"http:\/\/source.jarda128.cz\/piskvorky_src.zip\"><\/a><br><br><a href=\"http:\/\/jarda128.com\/piskvorky_src.zip\"> Zdrojovy kod (Visual C++) <\/a><\/td><\/tr><tr><td class=\"has-text-align-center\" data-align=\"center\"><img loading=\"lazy\" decoding=\"async\" width=\"320\" height=\"240\" class=\"wp-image-219\" style=\"width: 320px;\" src=\"http:\/\/jarda128.com\/wordpress\/wp-content\/uploads\/2021\/08\/pexeso.gif\" alt=\"\"><\/td><td class=\"has-text-align-center\" data-align=\"center\"><a href=\"http:\/\/jarda128.com\/pexeso.zip\">Pexeso<\/a><br><br>Moje pexeso -klasick\u00e1 logick\u00e1 hra n\u011bkolik sad karti\u010dek mo\u017enost hry pres TCPIP <br><br><a href=\"http:\/\/jarda128.com\/pexeso_src.zip\">Zdrojovy kod (Visual C++)<\/a><\/td><\/tr><tr><td class=\"has-text-align-center\" data-align=\"center\"><img loading=\"lazy\" decoding=\"async\" width=\"320\" height=\"200\" class=\"wp-image-224\" style=\"width: 320px;\" src=\"http:\/\/jarda128.com\/wordpress\/wp-content\/uploads\/2021\/08\/meteroid.png\" alt=\"\"><\/td><td class=\"has-text-align-center\" data-align=\"center\"><a href=\"http:\/\/jarda128.com\/met_bin.zip\">Meteroid<\/a><br><br>Moje hra do retro souteze o Dos hru. Technicky docela jde ale hratelnost je miziva, ale aspon sem se procvicil v programovani. K spu\u0161t\u011bn\u00ed pot\u0159ebuje DOSbox.<br><br><a href=\"http:\/\/jarda128.com\/met_src.zip\">Zdrojovy kod (Watcom C++ +JWasm<\/a>)<\/td><\/tr><\/tbody><\/table><\/figure>\n\n\n\n<p><\/p>\n\n\n\n<p><\/p>\n<\/div>\n<\/div>\n","protected":false},"excerpt":{"rendered":"<p>TETRIS \u0158\u00edk\u00e1 se \u017ee ka\u017ed\u00fd program\u00e1tor m\u00e1 svuj tetris, tak tady je ten m\u016fj, provedeni je slab\u0161i, grafika jenom minim\u00e1ln\u00ed, jen takov\u00e1 kopie klasick\u00fdho tetrisu podle digihry,prost\u011b sem se jen tro\u0161ku nudil o pr\u00e1zdnin\u00e1ch \ud83d\ude42 Zdrojov\u00fd k\u00f3d (Borland C++ a Turbo assembler) Direct X tetris Kdy\u017e sem si chtel tro\u0161icku vyzkou\u0161et programovani pod DirectX .Tak &hellip; <\/p>\n<p class=\"link-more\"><a href=\"http:\/\/jarda128.com\/wordpress\/index.php\/download\/\" class=\"read-more\">Read More<span class=\"screen-reader-text\"> &#8222;Download&#8220;<\/span><\/a><\/p>\n","protected":false},"author":1,"featured_media":0,"parent":0,"menu_order":0,"comment_status":"closed","ping_status":"closed","template":"","meta":{"footnotes":""},"class_list":["post-125","page","type-page","status-publish","hentry"],"_links":{"self":[{"href":"http:\/\/jarda128.com\/wordpress\/index.php\/wp-json\/wp\/v2\/pages\/125","targetHints":{"allow":["GET"]}}],"collection":[{"href":"http:\/\/jarda128.com\/wordpress\/index.php\/wp-json\/wp\/v2\/pages"}],"about":[{"href":"http:\/\/jarda128.com\/wordpress\/index.php\/wp-json\/wp\/v2\/types\/page"}],"author":[{"embeddable":true,"href":"http:\/\/jarda128.com\/wordpress\/index.php\/wp-json\/wp\/v2\/users\/1"}],"replies":[{"embeddable":true,"href":"http:\/\/jarda128.com\/wordpress\/index.php\/wp-json\/wp\/v2\/comments?post=125"}],"version-history":[{"count":34,"href":"http:\/\/jarda128.com\/wordpress\/index.php\/wp-json\/wp\/v2\/pages\/125\/revisions"}],"predecessor-version":[{"id":234,"href":"http:\/\/jarda128.com\/wordpress\/index.php\/wp-json\/wp\/v2\/pages\/125\/revisions\/234"}],"wp:attachment":[{"href":"http:\/\/jarda128.com\/wordpress\/index.php\/wp-json\/wp\/v2\/media?parent=125"}],"curies":[{"name":"wp","href":"https:\/\/api.w.org\/{rel}","templated":true}]}}